{"id":273,"date":"2026-03-02T23:20:00","date_gmt":"2026-03-02T23:20:00","guid":{"rendered":"https:\/\/dauphin.ma\/?post_type=product&#038;p=273"},"modified":"2026-03-02T23:25:29","modified_gmt":"2026-03-02T23:25:29","slug":"dauphin-carte-de-developpement","status":"publish","type":"product","link":"https:\/\/dauphin.ma\/index.php\/product\/dauphin-carte-de-developpement\/","title":{"rendered":"Dauphin, Carte de d\u00e9veloppement"},"content":{"rendered":"<p><strong data-start=\"137\" data-end=\"163\">Carte de D\u00e9veloppement<\/strong> est un ouvrage con\u00e7u comme un guide m\u00e9thodologique permettant de structurer, planifier et piloter un processus d\u2019\u00e9volution personnelle ou professionnelle. Le livre propose une approche organis\u00e9e sous forme de \u201ccarte\u201d, c\u2019est-\u00e0-dire un cadre visuel et strat\u00e9gique aidant le lecteur \u00e0 identifier sa situation actuelle, d\u00e9finir ses objectifs et tracer un plan d\u2019action concret.<\/p>\n","protected":false},"excerpt":{"rendered":"<p>\u2714 Livraison rapide 24\u201348h<br data-start=\"1650\" data-end=\"1653\" \/>\u2714 Paiement \u00e0 la livraison<br data-start=\"1680\" data-end=\"1683\" \/>\u2714 Confirmation par t\u00e9l\u00e9phone<\/p>\n","protected":false},"featured_media":274,"comment_status":"open","ping_status":"closed","template":"","meta":[],"product_brand":[],"product_cat":[24],"product_tag":[],"class_list":{"0":"post-273","1":"product","2":"type-product","3":"status-publish","4":"has-post-thumbnail","6":"product_cat-carte-de-developpement","8":"first","9":"instock","10":"shipping-taxable","11":"purchasable","12":"product-type-simple"},"_links":{"self":[{"href":"https:\/\/dauphin.ma\/index.php\/wp-json\/wp\/v2\/product\/273","targetHints":{"allow":["GET"]}}],"collection":[{"href":"https:\/\/dauphin.ma\/index.php\/wp-json\/wp\/v2\/product"}],"about":[{"href":"https:\/\/dauphin.ma\/index.php\/wp-json\/wp\/v2\/types\/product"}],"replies":[{"embeddable":true,"href":"https:\/\/dauphin.ma\/index.php\/wp-json\/wp\/v2\/comments?post=273"}],"version-history":[{"count":1,"href":"https:\/\/dauphin.ma\/index.php\/wp-json\/wp\/v2\/product\/273\/revisions"}],"predecessor-version":[{"id":275,"href":"https:\/\/dauphin.ma\/index.php\/wp-json\/wp\/v2\/product\/273\/revisions\/275"}],"wp:featuredmedia":[{"embeddable":true,"href":"https:\/\/dauphin.ma\/index.php\/wp-json\/wp\/v2\/media\/274"}],"wp:attachment":[{"href":"https:\/\/dauphin.ma\/index.php\/wp-json\/wp\/v2\/media?parent=273"}],"wp:term":[{"taxonomy":"product_brand","embeddable":true,"href":"https:\/\/dauphin.ma\/index.php\/wp-json\/wp\/v2\/product_brand?post=273"},{"taxonomy":"product_cat","embeddable":true,"href":"https:\/\/dauphin.ma\/index.php\/wp-json\/wp\/v2\/product_cat?post=273"},{"taxonomy":"product_tag","embeddable":true,"href":"https:\/\/dauphin.ma\/index.php\/wp-json\/wp\/v2\/product_tag?post=273"}],"curies":[{"name":"wp","href":"https:\/\/api.w.org\/{rel}","templated":true}]}}