{"id":257,"date":"2026-02-27T16:51:42","date_gmt":"2026-02-27T16:51:42","guid":{"rendered":"https:\/\/dauphin.ma\/?post_type=product&#038;p=257"},"modified":"2026-03-12T22:02:33","modified_gmt":"2026-03-12T22:02:33","slug":"dauphin-robotique-et-ia-3eme-annee-college","status":"publish","type":"product","link":"https:\/\/dauphin.ma\/index.php\/product\/dauphin-robotique-et-ia-3eme-annee-college\/","title":{"rendered":"Dauphin, Robotique et IA \u2013 3\u00e8me ann\u00e9e coll\u00e8ge"},"content":{"rendered":"","protected":false},"excerpt":{"rendered":"<p>\u2714 Livraison rapide 24\u201348h<br data-start=\"1650\" data-end=\"1653\" \/>\u2714 Paiement \u00e0 la livraison<br data-start=\"1680\" data-end=\"1683\" \/>\u2714 Confirmation par t\u00e9l\u00e9phone<\/p>\n","protected":false},"featured_media":346,"comment_status":"open","ping_status":"closed","template":"","meta":[],"product_brand":[],"product_cat":[20],"product_tag":[],"class_list":{"0":"post-257","1":"product","2":"type-product","3":"status-publish","4":"has-post-thumbnail","6":"product_cat-programme-scolaire","8":"first","9":"instock","10":"shipping-taxable","11":"purchasable","12":"product-type-simple"},"_links":{"self":[{"href":"https:\/\/dauphin.ma\/index.php\/wp-json\/wp\/v2\/product\/257","targetHints":{"allow":["GET"]}}],"collection":[{"href":"https:\/\/dauphin.ma\/index.php\/wp-json\/wp\/v2\/product"}],"about":[{"href":"https:\/\/dauphin.ma\/index.php\/wp-json\/wp\/v2\/types\/product"}],"replies":[{"embeddable":true,"href":"https:\/\/dauphin.ma\/index.php\/wp-json\/wp\/v2\/comments?post=257"}],"version-history":[{"count":1,"href":"https:\/\/dauphin.ma\/index.php\/wp-json\/wp\/v2\/product\/257\/revisions"}],"predecessor-version":[{"id":347,"href":"https:\/\/dauphin.ma\/index.php\/wp-json\/wp\/v2\/product\/257\/revisions\/347"}],"wp:featuredmedia":[{"embeddable":true,"href":"https:\/\/dauphin.ma\/index.php\/wp-json\/wp\/v2\/media\/346"}],"wp:attachment":[{"href":"https:\/\/dauphin.ma\/index.php\/wp-json\/wp\/v2\/media?parent=257"}],"wp:term":[{"taxonomy":"product_brand","embeddable":true,"href":"https:\/\/dauphin.ma\/index.php\/wp-json\/wp\/v2\/product_brand?post=257"},{"taxonomy":"product_cat","embeddable":true,"href":"https:\/\/dauphin.ma\/index.php\/wp-json\/wp\/v2\/product_cat?post=257"},{"taxonomy":"product_tag","embeddable":true,"href":"https:\/\/dauphin.ma\/index.php\/wp-json\/wp\/v2\/product_tag?post=257"}],"curies":[{"name":"wp","href":"https:\/\/api.w.org\/{rel}","templated":true}]}}