{"id":69,"date":"2026-02-09T02:01:24","date_gmt":"2026-02-09T02:01:24","guid":{"rendered":"https:\/\/dauphin.ma\/?page_id=69"},"modified":"2026-02-27T01:49:28","modified_gmt":"2026-02-27T01:49:28","slug":"events","status":"publish","type":"page","link":"https:\/\/dauphin.ma\/index.php\/events\/","title":{"rendered":"\u00c9vents"},"content":{"rendered":"\t\t<div data-elementor-type=\"wp-page\" data-elementor-id=\"69\" class=\"elementor elementor-69\">\n\t\t\t\t<div class=\"elementor-element elementor-element-3a5a7de e-con-full e-flex e-con e-parent\" data-id=\"3a5a7de\" data-element_type=\"container\" data-e-type=\"container\" data-settings=\"{&quot;background_background&quot;:&quot;classic&quot;}\">\n\t\t<div class=\"elementor-element elementor-element-3fb3d53 e-con-full e-flex e-con e-child\" data-id=\"3fb3d53\" data-element_type=\"container\" data-e-type=\"container\">\n\t\t\t\t<div class=\"elementor-element elementor-element-48aa9db elementor-align-center elementor-widget elementor-widget-button\" data-id=\"48aa9db\" data-element_type=\"widget\" data-e-type=\"widget\" data-widget_type=\"button.default\">\n\t\t\t\t\t\t\t\t\t\t<a class=\"elementor-button elementor-button-link elementor-size-sm\" href=\"#\">\n\t\t\t\t\t\t<span class=\"elementor-button-content-wrapper\">\n\t\t\t\t\t\t\t\t\t<span class=\"elementor-button-text\">S\u00e9curit\u00e9 routi\u00e8re <\/span>\n\t\t\t\t\t<\/span>\n\t\t\t\t\t<\/a>\n\t\t\t\t\t\t\t\t<\/div>\n\t\t\t\t<div class=\"elementor-element elementor-element-bc1bc73 elementor-widget elementor-widget-text-editor\" data-id=\"bc1bc73\" data-element_type=\"widget\" data-e-type=\"widget\" data-widget_type=\"text-editor.default\">\n\t\t\t\t\t\t\t\t\t<p>Un rendez-vous annuel, chaque troisi\u00e8me semaine de f\u00e9vrier, pour apprendre \u00e0 se d\u00e9placer en toute s\u00e9curit\u00e9gr\u00e2ce \u00e0 la robotique et au jeu \u00e9ducatif.<br \/>1\u00e8re \u00e9dition, 2\u00e8me \u00e9dition, 3\u00e8me \u00e9dition<\/p>\t\t\t\t\t\t\t\t<\/div>\n\t\t\t\t<div class=\"elementor-element elementor-element-a92bf38 elementor-widget elementor-widget-image\" data-id=\"a92bf38\" data-element_type=\"widget\" data-e-type=\"widget\" data-widget_type=\"image.default\">\n\t\t\t\t\t\t\t\t\t\t\t\t\t\t\t<img fetchpriority=\"high\" decoding=\"async\" width=\"800\" height=\"552\" src=\"https:\/\/dauphin.ma\/wp-content\/uploads\/2026\/02\/Objet-dynique-vectoriel.png\" class=\"attachment-large size-large wp-image-164\" alt=\"\" srcset=\"https:\/\/dauphin.ma\/wp-content\/uploads\/2026\/02\/Objet-dynique-vectoriel.png 863w, https:\/\/dauphin.ma\/wp-content\/uploads\/2026\/02\/Objet-dynique-vectoriel-300x207.png 300w, https:\/\/dauphin.ma\/wp-content\/uploads\/2026\/02\/Objet-dynique-vectoriel-768x530.png 768w\" sizes=\"(max-width: 800px) 100vw, 800px\" \/>\t\t\t\t\t\t\t\t\t\t\t\t\t\t\t<\/div>\n\t\t\t\t<\/div>\n\t\t<div class=\"elementor-element elementor-element-d00b6d2 e-con-full e-flex e-con e-child\" data-id=\"d00b6d2\" data-element_type=\"container\" data-e-type=\"container\">\n\t\t\t\t<div class=\"elementor-element elementor-element-29d6991 elementor-widget elementor-widget-image\" data-id=\"29d6991\" data-element_type=\"widget\" data-e-type=\"widget\" data-widget_type=\"image.default\">\n\t\t\t\t\t\t\t\t\t\t\t\t\t\t\t<img decoding=\"async\" width=\"800\" height=\"600\" src=\"https:\/\/dauphin.ma\/wp-content\/uploads\/2026\/02\/Objet-dyique-vectoriel.png\" class=\"attachment-large size-large wp-image-163\" alt=\"\" srcset=\"https:\/\/dauphin.ma\/wp-content\/uploads\/2026\/02\/Objet-dyique-vectoriel.png 862w, https:\/\/dauphin.ma\/wp-content\/uploads\/2026\/02\/Objet-dyique-vectoriel-300x225.png 300w, https:\/\/dauphin.ma\/wp-content\/uploads\/2026\/02\/Objet-dyique-vectoriel-768x576.png 768w\" sizes=\"(max-width: 800px) 100vw, 800px\" \/>\t\t\t\t\t\t\t\t\t\t\t\t\t\t\t<\/div>\n\t\t\t\t<div class=\"elementor-element elementor-element-86cbaaa elementor-align-center elementor-widget elementor-widget-button\" data-id=\"86cbaaa\" data-element_type=\"widget\" data-e-type=\"widget\" data-widget_type=\"button.default\">\n\t\t\t\t\t\t\t\t\t\t<a class=\"elementor-button elementor-button-link elementor-size-sm\" href=\"#\">\n\t\t\t\t\t\t<span class=\"elementor-button-content-wrapper\">\n\t\t\t\t\t\t\t\t\t<span class=\"elementor-button-text\">Traveling with ibn battouta<\/span>\n\t\t\t\t\t<\/span>\n\t\t\t\t\t<\/a>\n\t\t\t\t\t\t\t\t<\/div>\n\t\t\t\t<div class=\"elementor-element elementor-element-2775b71 elementor-widget elementor-widget-text-editor\" data-id=\"2775b71\" data-element_type=\"widget\" data-e-type=\"widget\" data-widget_type=\"text-editor.default\">\n\t\t\t\t\t\t\t\t\t<p>Un voyage \u00e9ducatif o\u00f9 l\u2019histoire rencontre la technologie pour \u00e9veiller la curiosit\u00e9 et l\u2019esprit d\u2019exploration.<br \/>1<sup>\u00e8re<\/sup> \u00e9dition (photos)<\/p>\t\t\t\t\t\t\t\t<\/div>\n\t\t\t\t<\/div>\n\t\t<div class=\"elementor-element elementor-element-7b4c26c e-con-full e-flex e-con e-child\" data-id=\"7b4c26c\" data-element_type=\"container\" data-e-type=\"container\">\n\t\t\t\t<div class=\"elementor-element elementor-element-c248158 elementor-align-center elementor-widget elementor-widget-button\" data-id=\"c248158\" data-element_type=\"widget\" data-e-type=\"widget\" data-widget_type=\"button.default\">\n\t\t\t\t\t\t\t\t\t\t<a class=\"elementor-button elementor-button-link elementor-size-sm\" href=\"#\">\n\t\t\t\t\t\t<span class=\"elementor-button-content-wrapper\">\n\t\t\t\t\t\t\t\t\t<span class=\"elementor-button-text\">SoccerBot<\/span>\n\t\t\t\t\t<\/span>\n\t\t\t\t\t<\/a>\n\t\t\t\t\t\t\t\t<\/div>\n\t\t\t\t<div class=\"elementor-element elementor-element-c7d4be6 elementor-widget elementor-widget-image\" data-id=\"c7d4be6\" data-element_type=\"widget\" data-e-type=\"widget\" data-widget_type=\"image.default\">\n\t\t\t\t\t\t\t\t\t\t\t\t\t\t\t<img decoding=\"async\" width=\"800\" height=\"507\" src=\"https:\/\/dauphin.ma\/wp-content\/uploads\/2026\/02\/Objet-dynae-vectoriel.png\" class=\"attachment-large size-large wp-image-162\" alt=\"\" srcset=\"https:\/\/dauphin.ma\/wp-content\/uploads\/2026\/02\/Objet-dynae-vectoriel.png 932w, https:\/\/dauphin.ma\/wp-content\/uploads\/2026\/02\/Objet-dynae-vectoriel-300x190.png 300w, https:\/\/dauphin.ma\/wp-content\/uploads\/2026\/02\/Objet-dynae-vectoriel-768x487.png 768w\" sizes=\"(max-width: 800px) 100vw, 800px\" \/>\t\t\t\t\t\t\t\t\t\t\t\t\t\t\t<\/div>\n\t\t\t\t<div class=\"elementor-element elementor-element-56d235d elementor-widget elementor-widget-text-editor\" data-id=\"56d235d\" data-element_type=\"widget\" data-e-type=\"widget\" data-widget_type=\"text-editor.default\">\n\t\t\t\t\t\t\t\t\t<p><strong>SoccerBot<\/strong> est un \u00e9v\u00e9nement ludique et technologique o\u00f9 les enfants con\u00e7oivent, programment et font s\u2019affronter leurs <strong>robots joueurs de football<\/strong>.<br \/>1<sup>\u00e8re<\/sup> \u00e9dition, 2<sup>\u00e8me<\/sup> \u00e9dition (photos)<\/p>\t\t\t\t\t\t\t\t<\/div>\n\t\t\t\t<\/div>\n\t\t\t\t<\/div>\n\t\t\t\t<\/div>\n\t\t","protected":false},"excerpt":{"rendered":"<p>S\u00e9curit\u00e9 routi\u00e8re Un rendez-vous annuel, chaque troisi\u00e8me semaine de f\u00e9vrier, pour apprendre \u00e0 se d\u00e9placer en toute s\u00e9curit\u00e9gr\u00e2ce \u00e0 la robotique et au jeu \u00e9ducatif.1\u00e8re \u00e9dition, 2\u00e8me \u00e9dition, 3\u00e8me \u00e9dition Traveling with ibn battouta Un voyage \u00e9ducatif o\u00f9 l\u2019histoire rencontre la technologie pour \u00e9veiller la curiosit\u00e9 et l\u2019esprit d\u2019exploration.1\u00e8re \u00e9dition (photos) SoccerBot SoccerBot est un [&hellip;]<\/p>\n","protected":false},"author":1,"featured_media":0,"parent":0,"menu_order":0,"comment_status":"closed","ping_status":"closed","template":"elementor_header_footer","meta":{"footnotes":""},"class_list":["post-69","page","type-page","status-publish","hentry"],"_links":{"self":[{"href":"https:\/\/dauphin.ma\/index.php\/wp-json\/wp\/v2\/pages\/69","targetHints":{"allow":["GET"]}}],"collection":[{"href":"https:\/\/dauphin.ma\/index.php\/wp-json\/wp\/v2\/pages"}],"about":[{"href":"https:\/\/dauphin.ma\/index.php\/wp-json\/wp\/v2\/types\/page"}],"author":[{"embeddable":true,"href":"https:\/\/dauphin.ma\/index.php\/wp-json\/wp\/v2\/users\/1"}],"replies":[{"embeddable":true,"href":"https:\/\/dauphin.ma\/index.php\/wp-json\/wp\/v2\/comments?post=69"}],"version-history":[{"count":25,"href":"https:\/\/dauphin.ma\/index.php\/wp-json\/wp\/v2\/pages\/69\/revisions"}],"predecessor-version":[{"id":233,"href":"https:\/\/dauphin.ma\/index.php\/wp-json\/wp\/v2\/pages\/69\/revisions\/233"}],"wp:attachment":[{"href":"https:\/\/dauphin.ma\/index.php\/wp-json\/wp\/v2\/media?parent=69"}],"curies":[{"name":"wp","href":"https:\/\/api.w.org\/{rel}","templated":true}]}}