{"id":237,"date":"2026-02-27T13:39:20","date_gmt":"2026-02-27T13:39:20","guid":{"rendered":"https:\/\/dauphin.ma\/index.php\/cart\/"},"modified":"2026-03-02T17:08:47","modified_gmt":"2026-03-02T17:08:47","slug":"cart","status":"publish","type":"page","link":"https:\/\/dauphin.ma\/index.php\/cart\/","title":{"rendered":"Panier"},"content":{"rendered":"\n<div data-block-name=\"woocommerce\/cart\" class=\"wp-block-woocommerce-cart alignwide is-loading\">\n<div data-block-name=\"woocommerce\/filled-cart-block\" class=\"wp-block-woocommerce-filled-cart-block\">\n<div data-block-name=\"woocommerce\/cart-items-block\" class=\"wp-block-woocommerce-cart-items-block\">\n<div data-block-name=\"woocommerce\/cart-line-items-block\" class=\"wp-block-woocommerce-cart-line-items-block\"><\/div>\n\n\n<\/div>\n\n\n\n<div data-block-name=\"woocommerce\/cart-totals-block\" class=\"wp-block-woocommerce-cart-totals-block\">\n<div data-block-name=\"woocommerce\/cart-order-summary-block\" class=\"wp-block-woocommerce-cart-order-summary-block\">\n<div data-block-name=\"woocommerce\/cart-order-summary-heading-block\" data-content=\"Total panier\" class=\"wp-block-woocommerce-cart-order-summary-heading-block\"><\/div>\n\n\n\n<div data-block-name=\"woocommerce\/cart-order-summary-coupon-form-block\" class=\"wp-block-woocommerce-cart-order-summary-coupon-form-block\"><\/div>\n\n\n\n<div data-block-name=\"woocommerce\/cart-order-summary-totals-block\" class=\"wp-block-woocommerce-cart-order-summary-totals-block\">\n<div data-block-name=\"woocommerce\/cart-order-summary-subtotal-block\" class=\"wp-block-woocommerce-cart-order-summary-subtotal-block\"><\/div>\n\n\n\n<div data-block-name=\"woocommerce\/cart-order-summary-fee-block\" class=\"wp-block-woocommerce-cart-order-summary-fee-block\"><\/div>\n\n\n\n<div data-block-name=\"woocommerce\/cart-order-summary-discount-block\" class=\"wp-block-woocommerce-cart-order-summary-discount-block\"><\/div>\n\n\n\n<div data-block-name=\"woocommerce\/cart-order-summary-shipping-block\" class=\"wp-block-woocommerce-cart-order-summary-shipping-block\"><\/div>\n\n\n\n<div data-block-name=\"woocommerce\/cart-order-summary-taxes-block\" class=\"wp-block-woocommerce-cart-order-summary-taxes-block\"><\/div>\n<\/div>\n<\/div>\n\n\n\n<div data-block-name=\"woocommerce\/cart-express-payment-block\" class=\"wp-block-woocommerce-cart-express-payment-block\"><\/div>\n\n\n\n<div data-block-name=\"woocommerce\/proceed-to-checkout-block\" class=\"wp-block-woocommerce-proceed-to-checkout-block\"><\/div>\n\n\n\n<div data-block-name=\"woocommerce\/cart-accepted-payment-methods-block\" class=\"wp-block-woocommerce-cart-accepted-payment-methods-block\"><\/div>\n<\/div>\n<\/div>\n\n\n\n<div data-block-name=\"woocommerce\/empty-cart-block\" class=\"wp-block-woocommerce-empty-cart-block\">\n<h2 class=\"wp-block-heading has-text-align-center with-empty-cart-icon wc-block-cart__empty-cart__title\">Your cart is currently empty!<\/h2>\n\n\n\n<hr class=\"wp-block-separator has-alpha-channel-opacity is-style-dots\"\/>\n\n\n\n<h2 class=\"wp-block-heading has-text-align-center\">New in store<\/h2>\n\n\n<div data-block-name=\"woocommerce\/product-new\" data-columns=\"4\" data-rows=\"1\" class=\"wc-block-grid wp-block-product-new wp-block-woocommerce-product-new wc-block-product-new has-4-columns\"><ul class=\"wc-block-grid__products\"><li class=\"wc-block-grid__product\">\n\t\t\t\t<a href=\"https:\/\/dauphin.ma\/index.php\/product\/dauphin-kits-robots\/\" class=\"wc-block-grid__product-link\">\n\t\t\t\t\t\n\t\t\t\t\t<div class=\"wc-block-grid__product-image\"><img fetchpriority=\"high\" decoding=\"async\" width=\"300\" height=\"300\" src=\"https:\/\/dauphin.ma\/wp-content\/uploads\/2026\/03\/WOLNBS39b-300x300.webp\" class=\"attachment-woocommerce_thumbnail size-woocommerce_thumbnail\" alt=\"Dauphin, \tKits robots\" srcset=\"https:\/\/dauphin.ma\/wp-content\/uploads\/2026\/03\/WOLNBS39b-300x300.webp 300w, https:\/\/dauphin.ma\/wp-content\/uploads\/2026\/03\/WOLNBS39b-150x150.webp 150w, https:\/\/dauphin.ma\/wp-content\/uploads\/2026\/03\/WOLNBS39b-100x100.webp 100w\" sizes=\"(max-width: 300px) 100vw, 300px\" \/><\/div>\n\t\t\t\t\t<div class=\"wc-block-grid__product-title\">Dauphin, \tKits robots<\/div>\n\t\t\t\t<\/a>\n\t\t\t\t<div class=\"wc-block-grid__product-price price\"><span class=\"woocommerce-Price-amount amount\"><span class=\"woocommerce-Price-currencySymbol\">&#x62f;.&#x645;.<\/span>&nbsp;100,00<\/span><\/div>\n\t\t\t\t\n\t\t\t\t<div class=\"wp-block-button wc-block-grid__product-add-to-cart\"><a href=\"\/index.php\/wp-json\/wp\/v2\/pages\/237?add-to-cart=281\" aria-label=\"Ajouter au panier\u00a0: &ldquo;Dauphin, \tKits robots&rdquo;\" data-quantity=\"1\" data-product_id=\"281\" data-product_sku=\"\" data-price=\"100\" rel=\"nofollow\" class=\"wp-block-button__link  add_to_cart_button ajax_add_to_cart\">Ajouter au panier<\/a><\/div>\n\t\t\t<\/li><li class=\"wc-block-grid__product\">\n\t\t\t\t<a href=\"https:\/\/dauphin.ma\/index.php\/product\/dauphin-carte-de-developpement-2\/\" class=\"wc-block-grid__product-link\">\n\t\t\t\t\t\n\t\t\t\t\t<div class=\"wc-block-grid__product-image\"><img decoding=\"async\" width=\"300\" height=\"300\" src=\"https:\/\/dauphin.ma\/wp-content\/uploads\/2026\/03\/esp32-nodemcu-module-wlan-wifi-development-board-mit-cp2102-nachfolgermodell-zum-esp8266-247075-300x300.webp\" class=\"attachment-woocommerce_thumbnail size-woocommerce_thumbnail\" alt=\"Dauphin, Composants\" srcset=\"https:\/\/dauphin.ma\/wp-content\/uploads\/2026\/03\/esp32-nodemcu-module-wlan-wifi-development-board-mit-cp2102-nachfolgermodell-zum-esp8266-247075-300x300.webp 300w, https:\/\/dauphin.ma\/wp-content\/uploads\/2026\/03\/esp32-nodemcu-module-wlan-wifi-development-board-mit-cp2102-nachfolgermodell-zum-esp8266-247075-150x150.webp 150w, https:\/\/dauphin.ma\/wp-content\/uploads\/2026\/03\/esp32-nodemcu-module-wlan-wifi-development-board-mit-cp2102-nachfolgermodell-zum-esp8266-247075-100x100.webp 100w\" sizes=\"(max-width: 300px) 100vw, 300px\" \/><\/div>\n\t\t\t\t\t<div class=\"wc-block-grid__product-title\">Dauphin, Composants<\/div>\n\t\t\t\t<\/a>\n\t\t\t\t<div class=\"wc-block-grid__product-price price\"><span class=\"woocommerce-Price-amount amount\"><span class=\"woocommerce-Price-currencySymbol\">&#x62f;.&#x645;.<\/span>&nbsp;100,00<\/span><\/div>\n\t\t\t\t\n\t\t\t\t<div class=\"wp-block-button wc-block-grid__product-add-to-cart\"><a href=\"\/index.php\/wp-json\/wp\/v2\/pages\/237?add-to-cart=276\" aria-label=\"Ajouter au panier\u00a0: &ldquo;Dauphin, Composants&rdquo;\" data-quantity=\"1\" data-product_id=\"276\" data-product_sku=\"\" data-price=\"100\" rel=\"nofollow\" class=\"wp-block-button__link  add_to_cart_button ajax_add_to_cart\">Ajouter au panier<\/a><\/div>\n\t\t\t<\/li><li class=\"wc-block-grid__product\">\n\t\t\t\t<a href=\"https:\/\/dauphin.ma\/index.php\/product\/dauphin-carte-de-developpement\/\" class=\"wc-block-grid__product-link\">\n\t\t\t\t\t\n\t\t\t\t\t<div class=\"wc-block-grid__product-image\"><img decoding=\"async\" width=\"300\" height=\"300\" src=\"https:\/\/dauphin.ma\/wp-content\/uploads\/2026\/03\/29303100311070L-300x300.jpg\" class=\"attachment-woocommerce_thumbnail size-woocommerce_thumbnail\" alt=\"Dauphin, Carte de d\u00e9veloppement\" srcset=\"https:\/\/dauphin.ma\/wp-content\/uploads\/2026\/03\/29303100311070L-300x300.jpg 300w, https:\/\/dauphin.ma\/wp-content\/uploads\/2026\/03\/29303100311070L-150x150.jpg 150w, https:\/\/dauphin.ma\/wp-content\/uploads\/2026\/03\/29303100311070L-100x100.jpg 100w\" sizes=\"(max-width: 300px) 100vw, 300px\" \/><\/div>\n\t\t\t\t\t<div class=\"wc-block-grid__product-title\">Dauphin, Carte de d\u00e9veloppement<\/div>\n\t\t\t\t<\/a>\n\t\t\t\t<div class=\"wc-block-grid__product-price price\"><span class=\"woocommerce-Price-amount amount\"><span class=\"woocommerce-Price-currencySymbol\">&#x62f;.&#x645;.<\/span>&nbsp;100,00<\/span><\/div>\n\t\t\t\t\n\t\t\t\t<div class=\"wp-block-button wc-block-grid__product-add-to-cart\"><a href=\"\/index.php\/wp-json\/wp\/v2\/pages\/237?add-to-cart=273\" aria-label=\"Ajouter au panier\u00a0: &ldquo;Dauphin, Carte de d\u00e9veloppement&rdquo;\" data-quantity=\"1\" data-product_id=\"273\" data-product_sku=\"\" data-price=\"100\" rel=\"nofollow\" class=\"wp-block-button__link  add_to_cart_button ajax_add_to_cart\">Ajouter au panier<\/a><\/div>\n\t\t\t<\/li><li class=\"wc-block-grid__product\">\n\t\t\t\t<a href=\"https:\/\/dauphin.ma\/index.php\/product\/dauphin-robotique-et-ia-3eme-annee-college\/\" class=\"wc-block-grid__product-link\">\n\t\t\t\t\t\n\t\t\t\t\t<div class=\"wc-block-grid__product-image\"><img loading=\"lazy\" decoding=\"async\" width=\"300\" height=\"300\" src=\"https:\/\/dauphin.ma\/wp-content\/uploads\/2026\/02\/23424650-ouvert-livre-ligne-icone-dans-vecteur-illustration-pour-des-gamins-en-ligne-magasin-vectoriel-300x300.jpg\" class=\"attachment-woocommerce_thumbnail size-woocommerce_thumbnail\" alt=\"Dauphin, Robotique et IA \u2013 3\u00e8me ann\u00e9e coll\u00e8ge\" srcset=\"https:\/\/dauphin.ma\/wp-content\/uploads\/2026\/02\/23424650-ouvert-livre-ligne-icone-dans-vecteur-illustration-pour-des-gamins-en-ligne-magasin-vectoriel-300x300.jpg 300w, https:\/\/dauphin.ma\/wp-content\/uploads\/2026\/02\/23424650-ouvert-livre-ligne-icone-dans-vecteur-illustration-pour-des-gamins-en-ligne-magasin-vectoriel-1024x1024.jpg 1024w, https:\/\/dauphin.ma\/wp-content\/uploads\/2026\/02\/23424650-ouvert-livre-ligne-icone-dans-vecteur-illustration-pour-des-gamins-en-ligne-magasin-vectoriel-150x150.jpg 150w, https:\/\/dauphin.ma\/wp-content\/uploads\/2026\/02\/23424650-ouvert-livre-ligne-icone-dans-vecteur-illustration-pour-des-gamins-en-ligne-magasin-vectoriel-768x768.jpg 768w, https:\/\/dauphin.ma\/wp-content\/uploads\/2026\/02\/23424650-ouvert-livre-ligne-icone-dans-vecteur-illustration-pour-des-gamins-en-ligne-magasin-vectoriel-1536x1536.jpg 1536w, https:\/\/dauphin.ma\/wp-content\/uploads\/2026\/02\/23424650-ouvert-livre-ligne-icone-dans-vecteur-illustration-pour-des-gamins-en-ligne-magasin-vectoriel-600x600.jpg 600w, https:\/\/dauphin.ma\/wp-content\/uploads\/2026\/02\/23424650-ouvert-livre-ligne-icone-dans-vecteur-illustration-pour-des-gamins-en-ligne-magasin-vectoriel-100x100.jpg 100w, https:\/\/dauphin.ma\/wp-content\/uploads\/2026\/02\/23424650-ouvert-livre-ligne-icone-dans-vecteur-illustration-pour-des-gamins-en-ligne-magasin-vectoriel.jpg 1920w\" sizes=\"(max-width: 300px) 100vw, 300px\" \/><\/div>\n\t\t\t\t\t<div class=\"wc-block-grid__product-title\">Dauphin, Robotique et IA \u2013 3\u00e8me ann\u00e9e coll\u00e8ge<\/div>\n\t\t\t\t<\/a>\n\t\t\t\t<div class=\"wc-block-grid__product-price price\"><span class=\"woocommerce-Price-amount amount\"><span class=\"woocommerce-Price-currencySymbol\">&#x62f;.&#x645;.<\/span>&nbsp;100,00<\/span><\/div>\n\t\t\t\t\n\t\t\t\t<div class=\"wp-block-button wc-block-grid__product-add-to-cart\"><a href=\"\/index.php\/wp-json\/wp\/v2\/pages\/237?add-to-cart=257\" aria-label=\"Ajouter au panier\u00a0: &ldquo;Dauphin, Robotique et IA \u2013 3\u00e8me ann\u00e9e coll\u00e8ge&rdquo;\" data-quantity=\"1\" data-product_id=\"257\" data-product_sku=\"\" data-price=\"100\" rel=\"nofollow\" class=\"wp-block-button__link  add_to_cart_button ajax_add_to_cart\">Ajouter au panier<\/a><\/div>\n\t\t\t<\/li><\/ul><\/div><\/div>\n<\/div>\n","protected":false},"excerpt":{"rendered":"","protected":false},"author":1,"featured_media":0,"parent":0,"menu_order":0,"comment_status":"closed","ping_status":"closed","template":"","meta":{"footnotes":""},"class_list":["post-237","page","type-page","status-publish","hentry"],"_links":{"self":[{"href":"https:\/\/dauphin.ma\/index.php\/wp-json\/wp\/v2\/pages\/237","targetHints":{"allow":["GET"]}}],"collection":[{"href":"https:\/\/dauphin.ma\/index.php\/wp-json\/wp\/v2\/pages"}],"about":[{"href":"https:\/\/dauphin.ma\/index.php\/wp-json\/wp\/v2\/types\/page"}],"author":[{"embeddable":true,"href":"https:\/\/dauphin.ma\/index.php\/wp-json\/wp\/v2\/users\/1"}],"replies":[{"embeddable":true,"href":"https:\/\/dauphin.ma\/index.php\/wp-json\/wp\/v2\/comments?post=237"}],"version-history":[{"count":1,"href":"https:\/\/dauphin.ma\/index.php\/wp-json\/wp\/v2\/pages\/237\/revisions"}],"predecessor-version":[{"id":263,"href":"https:\/\/dauphin.ma\/index.php\/wp-json\/wp\/v2\/pages\/237\/revisions\/263"}],"wp:attachment":[{"href":"https:\/\/dauphin.ma\/index.php\/wp-json\/wp\/v2\/media?parent=237"}],"curies":[{"name":"wp","href":"https:\/\/api.w.org\/{rel}","templated":true}]}}