{"id":14,"date":"2026-02-09T00:43:11","date_gmt":"2026-02-09T00:43:11","guid":{"rendered":"https:\/\/dauphin.ma\/?page_id=14"},"modified":"2026-02-09T19:46:59","modified_gmt":"2026-02-09T19:46:59","slug":"a-propos","status":"publish","type":"page","link":"https:\/\/dauphin.ma\/","title":{"rendered":"\u00c0 propos"},"content":{"rendered":"\t\t<div data-elementor-type=\"wp-page\" data-elementor-id=\"14\" class=\"elementor elementor-14\">\n\t\t\t\t<div class=\"elementor-element elementor-element-8322c0f e-con-full e-flex e-con e-parent\" data-id=\"8322c0f\" data-element_type=\"container\" data-e-type=\"container\" data-settings=\"{&quot;background_background&quot;:&quot;classic&quot;}\">\n\t\t<div class=\"elementor-element elementor-element-a1d22c5 e-con-full e-flex e-con e-child\" data-id=\"a1d22c5\" data-element_type=\"container\" data-e-type=\"container\">\n\t\t\t\t<div class=\"elementor-element elementor-element-cbed199 elementor-widget elementor-widget-heading\" data-id=\"cbed199\" data-element_type=\"widget\" data-e-type=\"widget\" data-widget_type=\"heading.default\">\n\t\t\t\t\t<h1 class=\"elementor-heading-title elementor-size-default\">Dauphin<\/h1>\t\t\t\t<\/div>\n\t\t\t\t<div class=\"elementor-element elementor-element-c853a74 elementor-widget elementor-widget-heading\" data-id=\"c853a74\" data-element_type=\"widget\" data-e-type=\"widget\" data-widget_type=\"heading.default\">\n\t\t\t\t\t<h2 class=\"elementor-heading-title elementor-size-default\">Robotique et IA <\/h2>\t\t\t\t<\/div>\n\t\t\t\t<div class=\"elementor-element elementor-element-ee6379d elementor-widget__width-initial elementor-widget elementor-widget-heading\" data-id=\"ee6379d\" data-element_type=\"widget\" data-e-type=\"widget\" data-widget_type=\"heading.default\">\n\t\t\t\t\t<h2 class=\"elementor-heading-title elementor-size-default\">est une programme scolaire int\u00e9gr\u00e9 d\u00e9di\u00e9e\n\u00e0 l\u2019apprentissage de la robotique,\net l\u2019IA pour enfants.<\/h2>\t\t\t\t<\/div>\n\t\t<div class=\"elementor-element elementor-element-78fad5f e-grid e-con-full e-con e-child\" data-id=\"78fad5f\" data-element_type=\"container\" data-e-type=\"container\">\n\t\t\t\t<div class=\"elementor-element elementor-element-05c6ed1 elementor-widget elementor-widget-image\" data-id=\"05c6ed1\" data-element_type=\"widget\" data-e-type=\"widget\" data-widget_type=\"image.default\">\n\t\t\t\t\t\t\t\t\t\t\t\t\t\t\t<img fetchpriority=\"high\" decoding=\"async\" width=\"480\" height=\"473\" src=\"https:\/\/dauphin.ma\/wp-content\/uploads\/2026\/02\/Groupe-3.png\" class=\"attachment-large size-large wp-image-77\" alt=\"\" srcset=\"https:\/\/dauphin.ma\/wp-content\/uploads\/2026\/02\/Groupe-3.png 480w, https:\/\/dauphin.ma\/wp-content\/uploads\/2026\/02\/Groupe-3-300x296.png 300w\" sizes=\"(max-width: 480px) 100vw, 480px\" \/>\t\t\t\t\t\t\t\t\t\t\t\t\t\t\t<\/div>\n\t\t\t\t<div class=\"elementor-element elementor-element-bfa35b6 elementor-widget elementor-widget-image\" data-id=\"bfa35b6\" data-element_type=\"widget\" data-e-type=\"widget\" data-widget_type=\"image.default\">\n\t\t\t\t\t\t\t\t\t\t\t\t\t\t\t<img decoding=\"async\" width=\"480\" height=\"473\" src=\"https:\/\/dauphin.ma\/wp-content\/uploads\/2026\/02\/Groupe-2.png\" class=\"attachment-large size-large wp-image-78\" alt=\"\" srcset=\"https:\/\/dauphin.ma\/wp-content\/uploads\/2026\/02\/Groupe-2.png 480w, https:\/\/dauphin.ma\/wp-content\/uploads\/2026\/02\/Groupe-2-300x296.png 300w\" sizes=\"(max-width: 480px) 100vw, 480px\" \/>\t\t\t\t\t\t\t\t\t\t\t\t\t\t\t<\/div>\n\t\t\t\t<div class=\"elementor-element elementor-element-354cbb0 elementor-widget elementor-widget-image\" data-id=\"354cbb0\" data-element_type=\"widget\" data-e-type=\"widget\" data-widget_type=\"image.default\">\n\t\t\t\t\t\t\t\t\t\t\t\t\t\t\t<img decoding=\"async\" width=\"480\" height=\"473\" src=\"https:\/\/dauphin.ma\/wp-content\/uploads\/2026\/02\/Groupe-1.png\" class=\"attachment-large size-large wp-image-79\" alt=\"\" srcset=\"https:\/\/dauphin.ma\/wp-content\/uploads\/2026\/02\/Groupe-1.png 480w, https:\/\/dauphin.ma\/wp-content\/uploads\/2026\/02\/Groupe-1-300x296.png 300w\" sizes=\"(max-width: 480px) 100vw, 480px\" \/>\t\t\t\t\t\t\t\t\t\t\t\t\t\t\t<\/div>\n\t\t\t\t<\/div>\n\t\t\t\t<\/div>\n\t\t<div class=\"elementor-element elementor-element-08665ba e-con-full e-flex e-con e-child\" data-id=\"08665ba\" data-element_type=\"container\" data-e-type=\"container\">\n\t\t\t\t<div class=\"elementor-element elementor-element-814c78e elementor-widget elementor-widget-image\" data-id=\"814c78e\" data-element_type=\"widget\" data-e-type=\"widget\" data-widget_type=\"image.default\">\n\t\t\t\t\t\t\t\t\t\t\t\t\t\t\t<img loading=\"lazy\" decoding=\"async\" width=\"768\" height=\"543\" src=\"https:\/\/dauphin.ma\/wp-content\/uploads\/2026\/02\/Groupe-4-768x543.png\" class=\"attachment-medium_large size-medium_large wp-image-93\" alt=\"\" srcset=\"https:\/\/dauphin.ma\/wp-content\/uploads\/2026\/02\/Groupe-4-768x543.png 768w, https:\/\/dauphin.ma\/wp-content\/uploads\/2026\/02\/Groupe-4-300x212.png 300w, https:\/\/dauphin.ma\/wp-content\/uploads\/2026\/02\/Groupe-4-1024x723.png 1024w, https:\/\/dauphin.ma\/wp-content\/uploads\/2026\/02\/Groupe-4-1536x1085.png 1536w, https:\/\/dauphin.ma\/wp-content\/uploads\/2026\/02\/Groupe-4.png 1880w\" sizes=\"(max-width: 768px) 100vw, 768px\" \/>\t\t\t\t\t\t\t\t\t\t\t\t\t\t\t<\/div>\n\t\t\t\t<\/div>\n\t\t\t\t<\/div>\n\t\t<div class=\"elementor-element elementor-element-53e3c7b e-flex e-con-boxed e-con e-parent\" data-id=\"53e3c7b\" data-element_type=\"container\" data-e-type=\"container\" data-settings=\"{&quot;background_background&quot;:&quot;classic&quot;}\">\n\t\t\t\t\t<div class=\"e-con-inner\">\n\t\t<div class=\"elementor-element elementor-element-d5f8c45 e-con-full e-flex e-con e-child\" data-id=\"d5f8c45\" data-element_type=\"container\" data-e-type=\"container\">\n\t\t\t\t<div class=\"elementor-element elementor-element-44c3baa elementor-widget elementor-widget-heading\" data-id=\"44c3baa\" data-element_type=\"widget\" data-e-type=\"widget\" data-widget_type=\"heading.default\">\n\t\t\t\t\t<h2 class=\"elementor-heading-title elementor-size-default\">Notre mission<\/h2>\t\t\t\t<\/div>\n\t\t\t\t<div class=\"elementor-element elementor-element-ca13e48 classlist elementor-widget elementor-widget-text-editor\" data-id=\"ca13e48\" data-element_type=\"widget\" data-e-type=\"widget\" data-widget_type=\"text-editor.default\">\n\t\t\t\t\t\t\t\t\t<ul><li>Ouvrir aux enfants les portes de la robotique, et de l\u2019intelligence artificielle.<\/li><li>Apprendre en jouant, comprendre en construisant, grandir en exp\u00e9rimentant.<\/li><\/ul>\t\t\t\t\t\t\t\t<\/div>\n\t\t\t\t<\/div>\n\t\t<div class=\"elementor-element elementor-element-dc6a21f e-con-full e-flex e-con e-child\" data-id=\"dc6a21f\" data-element_type=\"container\" data-e-type=\"container\">\n\t\t\t\t<div class=\"elementor-element elementor-element-d44131b elementor-widget elementor-widget-heading\" data-id=\"d44131b\" data-element_type=\"widget\" data-e-type=\"widget\" data-widget_type=\"heading.default\">\n\t\t\t\t\t<h2 class=\"elementor-heading-title elementor-size-default\">Notre vision<\/h2>\t\t\t\t<\/div>\n\t\t\t\t<div class=\"elementor-element elementor-element-302ea87 classlist elementor-widget elementor-widget-text-editor\" data-id=\"302ea87\" data-element_type=\"widget\" data-e-type=\"widget\" data-widget_type=\"text-editor.default\">\n\t\t\t\t\t\t\t\t\t<ul><li>Nous voyons un futur o\u00f9 les enfants ne consomment pas la technologie,ils la fa\u00e7onnent.<\/li><\/ul>\t\t\t\t\t\t\t\t<\/div>\n\t\t\t\t<\/div>\n\t\t<div class=\"elementor-element elementor-element-9238d8f e-con-full e-flex e-con e-child\" data-id=\"9238d8f\" data-element_type=\"container\" data-e-type=\"container\">\n\t\t\t\t<div class=\"elementor-element elementor-element-3479878 elementor-widget elementor-widget-heading\" data-id=\"3479878\" data-element_type=\"widget\" data-e-type=\"widget\" data-widget_type=\"heading.default\">\n\t\t\t\t\t<h2 class=\"elementor-heading-title elementor-size-default\">Nos valeurs<\/h2>\t\t\t\t<\/div>\n\t\t\t\t<div class=\"elementor-element elementor-element-b796389 classlist elementor-widget elementor-widget-text-editor\" data-id=\"b796389\" data-element_type=\"widget\" data-e-type=\"widget\" data-widget_type=\"text-editor.default\">\n\t\t\t\t\t\t\t\t\t<ul><li><strong>Curiosit\u00e9<\/strong> : Parce que chaque d\u00e9couvert commence par une question.<\/li><li><strong>Cr\u00e9ativit\u00e9<\/strong> : Parce que la technologie est aussi un langage d\u2019expression.<\/li><li><strong>Partage<\/strong> : Parce que cr\u00e9er ensemble donne plus de sens.<\/li><li><strong>Responsabilit\u00e9<\/strong> : Parce que construire le futur, c\u2019est aussi le respecter.<\/li><\/ul>\t\t\t\t\t\t\t\t<\/div>\n\t\t\t\t<\/div>\n\t\t\t\t\t<\/div>\n\t\t\t\t<\/div>\n\t\t<div class=\"elementor-element elementor-element-69a517d e-flex e-con-boxed e-con e-parent\" data-id=\"69a517d\" data-element_type=\"container\" data-e-type=\"container\" data-settings=\"{&quot;background_background&quot;:&quot;classic&quot;}\">\n\t\t\t\t\t<div class=\"e-con-inner\">\n\t\t<div class=\"elementor-element elementor-element-993ecf9 e-con-full e-flex e-con e-child\" data-id=\"993ecf9\" data-element_type=\"container\" data-e-type=\"container\">\n\t\t\t\t<\/div>\n\t\t<div class=\"elementor-element elementor-element-8196c85 e-con-full e-flex e-con e-child\" data-id=\"8196c85\" data-element_type=\"container\" data-e-type=\"container\">\n\t\t\t\t<div class=\"elementor-element elementor-element-7f83b72 elementor-widget elementor-widget-heading\" data-id=\"7f83b72\" data-element_type=\"widget\" data-e-type=\"widget\" data-widget_type=\"heading.default\">\n\t\t\t\t\t<h2 class=\"elementor-heading-title elementor-size-default\">Contactez-nous<\/h2>\t\t\t\t<\/div>\n\t\t\t\t<div class=\"elementor-element elementor-element-3399d11 elementor-widget elementor-widget-text-editor\" data-id=\"3399d11\" data-element_type=\"widget\" data-e-type=\"widget\" data-widget_type=\"text-editor.default\">\n\t\t\t\t\t\t\t\t\t\n<div class=\"wpcf7 no-js\" id=\"wpcf7-f197-o1\" lang=\"fr-FR\" dir=\"ltr\" data-wpcf7-id=\"197\">\n<div class=\"screen-reader-response\"><p role=\"status\" aria-live=\"polite\" aria-atomic=\"true\"><\/p> <ul><\/ul><\/div>\n<form action=\"\/index.php\/wp-json\/wp\/v2\/pages\/14#wpcf7-f197-o1\" method=\"post\" class=\"wpcf7-form init\" aria-label=\"Formulaire de contact\" novalidate=\"novalidate\" data-status=\"init\">\n<fieldset class=\"hidden-fields-container\"><input type=\"hidden\" name=\"_wpcf7\" value=\"197\" \/><input type=\"hidden\" name=\"_wpcf7_version\" value=\"6.1.5\" \/><input type=\"hidden\" name=\"_wpcf7_locale\" value=\"fr_FR\" \/><input type=\"hidden\" name=\"_wpcf7_unit_tag\" value=\"wpcf7-f197-o1\" \/><input type=\"hidden\" name=\"_wpcf7_container_post\" value=\"0\" \/><input type=\"hidden\" name=\"_wpcf7_posted_data_hash\" value=\"\" \/>\n<\/fieldset>\n<p><label> Votre nom<br \/>\n<span class=\"wpcf7-form-control-wrap\" data-name=\"your-name\"><input size=\"40\" maxlength=\"400\" class=\"wpcf7-form-control wpcf7-text wpcf7-validates-as-required\" autocomplete=\"name\" aria-required=\"true\" aria-invalid=\"false\" value=\"\" type=\"text\" name=\"your-name\" \/><\/span> <\/label>\n<\/p>\n<p><label> Votre e-mail<br \/>\n<span class=\"wpcf7-form-control-wrap\" data-name=\"your-email\"><input size=\"40\" maxlength=\"400\" class=\"wpcf7-form-control wpcf7-email wpcf7-validates-as-required wpcf7-text wpcf7-validates-as-email\" autocomplete=\"email\" aria-required=\"true\" aria-invalid=\"false\" value=\"\" type=\"email\" name=\"your-email\" \/><\/span> <\/label>\n<\/p>\n<p><label> Objet<br \/>\n<span class=\"wpcf7-form-control-wrap\" data-name=\"your-subject\"><input size=\"40\" maxlength=\"400\" class=\"wpcf7-form-control wpcf7-text wpcf7-validates-as-required\" aria-required=\"true\" aria-invalid=\"false\" value=\"\" type=\"text\" name=\"your-subject\" \/><\/span> <\/label>\n<\/p>\n<p><label> Votre message (facultatif)<br \/>\n<span class=\"wpcf7-form-control-wrap\" data-name=\"your-message\"><textarea cols=\"40\" rows=\"10\" maxlength=\"2000\" class=\"wpcf7-form-control wpcf7-textarea\" aria-invalid=\"false\" name=\"your-message\"><\/textarea><\/span> <\/label>\n<\/p>\n<p><input class=\"wpcf7-form-control wpcf7-submit has-spinner\" type=\"submit\" value=\"Envoyer\" \/>\n<\/p><div class=\"wpcf7-response-output\" aria-hidden=\"true\"><\/div>\n<\/form>\n<\/div>\n\t\t\t\t\t\t\t\t<\/div>\n\t\t\t\t<\/div>\n\t\t<div class=\"elementor-element elementor-element-ac2c448 e-con-full e-flex e-con e-child\" data-id=\"ac2c448\" data-element_type=\"container\" data-e-type=\"container\">\n\t\t\t\t<\/div>\n\t\t\t\t\t<\/div>\n\t\t\t\t<\/div>\n\t\t\t\t<\/div>\n\t\t","protected":false},"excerpt":{"rendered":"<p>Dauphin Robotique et IA est une programme scolaire int\u00e9gr\u00e9 d\u00e9di\u00e9e \u00e0 l\u2019apprentissage de la robotique, et l\u2019IA pour enfants. Notre mission Ouvrir aux enfants les portes de la robotique, et de l\u2019intelligence artificielle. Apprendre en jouant, comprendre en construisant, grandir en exp\u00e9rimentant. Notre vision Nous voyons un futur o\u00f9 les enfants ne consomment pas la [&hellip;]<\/p>\n","protected":false},"author":1,"featured_media":0,"parent":0,"menu_order":0,"comment_status":"closed","ping_status":"closed","template":"elementor_header_footer","meta":{"footnotes":""},"class_list":["post-14","page","type-page","status-publish","hentry"],"_links":{"self":[{"href":"https:\/\/dauphin.ma\/index.php\/wp-json\/wp\/v2\/pages\/14","targetHints":{"allow":["GET"]}}],"collection":[{"href":"https:\/\/dauphin.ma\/index.php\/wp-json\/wp\/v2\/pages"}],"about":[{"href":"https:\/\/dauphin.ma\/index.php\/wp-json\/wp\/v2\/types\/page"}],"author":[{"embeddable":true,"href":"https:\/\/dauphin.ma\/index.php\/wp-json\/wp\/v2\/users\/1"}],"replies":[{"embeddable":true,"href":"https:\/\/dauphin.ma\/index.php\/wp-json\/wp\/v2\/comments?post=14"}],"version-history":[{"count":118,"href":"https:\/\/dauphin.ma\/index.php\/wp-json\/wp\/v2\/pages\/14\/revisions"}],"predecessor-version":[{"id":218,"href":"https:\/\/dauphin.ma\/index.php\/wp-json\/wp\/v2\/pages\/14\/revisions\/218"}],"wp:attachment":[{"href":"https:\/\/dauphin.ma\/index.php\/wp-json\/wp\/v2\/media?parent=14"}],"curies":[{"name":"wp","href":"https:\/\/api.w.org\/{rel}","templated":true}]}}